{"id":2593,"date":"2014-04-19T19:57:02","date_gmt":"2014-04-19T19:57:02","guid":{"rendered":"http:\/\/insiderevent.com\/?page_id=2593"},"modified":"2019-02-28T16:02:40","modified_gmt":"2019-02-28T14:02:40","slug":"cnil-protection-des-donnees-a-caractere-personnel","status":"publish","type":"page","link":"https:\/\/koneassocies.com\/en\/domaine-expertise\/cnil-protection-des-donnees-a-caractere-personnel\/","title":{"rendered":"CNIL \u2013 Protection of personal data"},"content":{"rendered":"<p style=\"text-align: justify;\"><span id=\"result_box\" class=\"\" lang=\"en\" style=\"font-size: 12pt;\"><span title=\"La loi relative \u00e0 l'informatique, aux fichiers et aux libert\u00e9s dite \u00ab informatique et libert\u00e9 \u00bb impose le respect de certaines r\u00e8gles concernant les donn\u00e9es \u00e0 caract\u00e8re personnel applicables aux entreprises qui dans le cadre de leurs activit\u00e9s, collectent, ont acc\u00e8s ou conservent les donn\u00e9es\">The French\u00a0personal data act requires the respect of certain rules concerning personal data applicable to companies that, in the course of their activities, collect, have access to or keep the data of <\/span><span title=\"personnelles de leurs clients, abonn\u00e9s et\/ou salari\u00e9s. \">customers, subscribers and \/ or employees.<\/span><\/span><\/p>\n<p style=\"text-align: justify;\"><span style=\"font-size: 12pt;\" title=\"Le r\u00e8glement europ\u00e9en relatif \u00e0 la protection des personnes physiques \u00e0 l\u2019\u00e9gard du traitement des donn\u00e9es \u00e0 caract\u00e8re personnel et \u00e0 la libre circulation des donn\u00e9es \u00ab RGDP \u00bb all\u00e8ge les formalit\u00e9s qui incombaient aux entreprises et renforce le droit des personnes physique. \">The European regulation on the protection of individuals with regard to the processing of personal data and the free movement of data &#8220;RGDP&#8221; alleviates the formalities incumbent on companies and strengthens the right of individuals.<\/span><\/p>\n<p style=\"text-align: justify;\"><span style=\"font-size: 12pt;\" title=\"A ce titre, consultez le cabinet KON\u00c9 &amp; Associ\u00e9s pour vous accompagner dans la mise en application du RDGP qui impose de nouvelles obligations, accompagner votre D\u00e9l\u00e9gu\u00e9 \u00e0 la protection des donn\u00e9es dans ses missions et pour notamment : \u00a0\u00a0\u00a0\u00a0\">As such, consult the firm KON\u00c9 &amp; Associ\u00e9s to assist you in the implementation of the RDGP which imposes new obligations, support your Data Protection Delegate in his missions and in particular:<\/span><\/p>\n<ul style=\"text-align: justify;\">\n<li><span style=\"font-size: 12pt;\">prepare or review all your documents (contracts, general conditions) with the required information ;<\/span><\/li>\n<li><span style=\"font-size: 12pt;\">m<span title=\"\u00e9tablir une cartographie des traitements des donn\u00e9es personnelles et tenir \u00e0 jour les registres de traitements ; \u00a0\u00a0\u00a0\u00a0\u00a0\u00a0\u00a0\u00a0\u00a0\u00a0\u00a0\u00a0\">ap the processing of personal data and maintain treatment registers;<\/span><\/span><\/li>\n<li><span style=\"font-size: 12pt;\"> <span title=\"informer et former le personnel sur les pratiques ; \u00a0\u00a0\u00a0\u00a0\u00a0\u00a0\u00a0\u00a0\u00a0\u00a0\u00a0\">inform and train staff on practices;<\/span><\/span><\/li>\n<li><span style=\"font-size: 12pt;\"> <span title=\"\u00e9tablir l'analyse obligatoire d\u2019impact sur la vie priv\u00e9e face au traitement des donn\u00e9es.\">establish the mandatory privacy impact analysis when processing data;<\/span><\/span><\/li>\n<li><span style=\"font-size: 12pt;\">implement procedures to secure data or files containing data.<\/span><\/li>\n<\/ul>\n<p style=\"text-align: justify;\"><span style=\"font-size: 12pt;\">\u00a0Whatever your activity, as soon as a processing operation is carried out, you are concerned.<\/span><\/p>","protected":false},"excerpt":{"rendered":"<p>The French\u00a0personal data act requires the respect of certain rules concerning personal data applicable to companies that, in the course of their activities, collect, have access to or keep the data of customers, subscribers and \/ or employees. The European regulation on the protection of individuals with<\/p>\n","protected":false},"author":5,"featured_media":0,"parent":2583,"menu_order":0,"comment_status":"closed","ping_status":"open","template":"page-FullWidth.php","meta":{"footnotes":""},"class_list":["post-2593","page","type-page","status-publish","hentry"],"aioseo_notices":[],"_links":{"self":[{"href":"https:\/\/koneassocies.com\/en\/wp-json\/wp\/v2\/pages\/2593","targetHints":{"allow":["GET"]}}],"collection":[{"href":"https:\/\/koneassocies.com\/en\/wp-json\/wp\/v2\/pages"}],"about":[{"href":"https:\/\/koneassocies.com\/en\/wp-json\/wp\/v2\/types\/page"}],"author":[{"embeddable":true,"href":"https:\/\/koneassocies.com\/en\/wp-json\/wp\/v2\/users\/5"}],"replies":[{"embeddable":true,"href":"https:\/\/koneassocies.com\/en\/wp-json\/wp\/v2\/comments?post=2593"}],"version-history":[{"count":23,"href":"https:\/\/koneassocies.com\/en\/wp-json\/wp\/v2\/pages\/2593\/revisions"}],"predecessor-version":[{"id":3542,"href":"https:\/\/koneassocies.com\/en\/wp-json\/wp\/v2\/pages\/2593\/revisions\/3542"}],"up":[{"embeddable":true,"href":"https:\/\/koneassocies.com\/en\/wp-json\/wp\/v2\/pages\/2583"}],"wp:attachment":[{"href":"https:\/\/koneassocies.com\/en\/wp-json\/wp\/v2\/media?parent=2593"}],"curies":[{"name":"wp","href":"https:\/\/api.w.org\/{rel}","templated":true}]}}